{"id":85,"date":"2015-07-26T12:44:03","date_gmt":"2015-07-26T12:44:03","guid":{"rendered":"http:\/\/www.sweetsundaybaker.com\/?page_id=85"},"modified":"2017-05-14T20:18:40","modified_gmt":"2017-05-14T20:18:40","slug":"about","status":"publish","type":"page","link":"https:\/\/www.sweetsundaybaker.com\/fr\/about\/","title":{"rendered":"A PROPOS"},"content":{"rendered":"<p>A tous les p\u00e2tissiers francophones, petits et grands, j&rsquo;esp\u00e8re que vous trouverez des id\u00e9es d\u00e9licieuses pour vos dimanches apr\u00e8s-midi pluvieux ou ensoleill\u00e9s. Ma passion pour la photo et les douceurs qui r\u00e9galent mon entourage m&rsquo;ont pouss\u00e9 \u00e0 cr\u00e9er ce blog. Toutes les recettes ont \u00e9t\u00e9 test\u00e9es et approuv\u00e9es, et r\u00e9alis\u00e9es plusieurs fois de suite (perfectionnisme quand tu nous tiens&#8230;). J&rsquo;ai tenu \u00e0 traduire toutes mes recettes car j&rsquo;ai \u00e9t\u00e9 frustr\u00e9e \u00e0 maintes reprise dans le pass\u00e9 lorsque mes connaissances linguistiques \u00e9taient tr\u00e8s limit\u00e9es. Vous trouverez \u00e9galement des petits trucs qui pourraient vous faciliter la vie si vous n&rsquo;avez pas tout le mat\u00e9riel et pour \u00e9viter les situations chaotiques (on y passe tous) surtout si\u00a0vous \u00eates aussi maladroits que moi.<\/p>","protected":false},"excerpt":{"rendered":"<p>A tous les p\u00e2tissiers francophones, petits et grands, j&rsquo;esp\u00e8re que vous trouverez des id\u00e9es d\u00e9licieuses pour vos dimanches apr\u00e8s-midi pluvieux ou ensoleill\u00e9s. Ma passion pour la photo et les douceurs qui r\u00e9galent mon entourage m&rsquo;ont pouss\u00e9 \u00e0 cr\u00e9er ce blog. Toutes les recettes ont \u00e9t\u00e9 test\u00e9es et approuv\u00e9es, et r\u00e9alis\u00e9es plusieurs fois de suite (perfectionnisme quand tu nous tiens&#8230;). J&rsquo;ai&#8230;<\/p>\n<div class=\"more-button\"><a class=\"more-link\" href=\"https:\/\/www.sweetsundaybaker.com\/fr\/about\/\">Read More<\/a><br \/>\n        <span class=\"meta-divider\"><\/span><\/div>\n","protected":false},"author":1,"featured_media":0,"parent":0,"menu_order":0,"comment_status":"open","ping_status":"open","template":"","meta":{"_monsterinsights_skip_tracking":false,"_monsterinsights_sitenote_active":false,"_monsterinsights_sitenote_note":"","_monsterinsights_sitenote_category":0,"footnotes":""},"class_list":{"0":"post-85","1":"page","2":"type-page","3":"status-publish","5":"entry"},"_links":{"self":[{"href":"https:\/\/www.sweetsundaybaker.com\/fr\/wp-json\/wp\/v2\/pages\/85","targetHints":{"allow":["GET"]}}],"collection":[{"href":"https:\/\/www.sweetsundaybaker.com\/fr\/wp-json\/wp\/v2\/pages"}],"about":[{"href":"https:\/\/www.sweetsundaybaker.com\/fr\/wp-json\/wp\/v2\/types\/page"}],"author":[{"embeddable":true,"href":"https:\/\/www.sweetsundaybaker.com\/fr\/wp-json\/wp\/v2\/users\/1"}],"replies":[{"embeddable":true,"href":"https:\/\/www.sweetsundaybaker.com\/fr\/wp-json\/wp\/v2\/comments?post=85"}],"version-history":[{"count":8,"href":"https:\/\/www.sweetsundaybaker.com\/fr\/wp-json\/wp\/v2\/pages\/85\/revisions"}],"predecessor-version":[{"id":567,"href":"https:\/\/www.sweetsundaybaker.com\/fr\/wp-json\/wp\/v2\/pages\/85\/revisions\/567"}],"wp:attachment":[{"href":"https:\/\/www.sweetsundaybaker.com\/fr\/wp-json\/wp\/v2\/media?parent=85"}],"curies":[{"name":"wp","href":"https:\/\/api.w.org\/{rel}","templated":true}]}}